{"id":135,"date":"2025-03-26T09:09:20","date_gmt":"2025-03-26T09:09:20","guid":{"rendered":"https:\/\/imig.gmbh\/?page_id=135"},"modified":"2025-04-09T11:35:07","modified_gmt":"2025-04-09T11:35:07","slug":"kontakt","status":"publish","type":"page","link":"https:\/\/imig.gmbh\/en\/kontakt\/","title":{"rendered":"Contact"},"content":{"rendered":"\t\t<div data-elementor-type=\"wp-page\" data-elementor-id=\"135\" class=\"elementor elementor-135\" data-elementor-post-type=\"page\">\n\t\t\t\t\t\t<section class=\"elementor-section elementor-top-section elementor-element elementor-element-4a92f60 elementor-section-full_width elementor-section-height-default elementor-section-height-default\" data-id=\"4a92f60\" data-element_type=\"section\" data-e-type=\"section\">\n\t\t\t\t\t\t<div class=\"elementor-container elementor-column-gap-default\">\n\t\t\t\t\t<div class=\"elementor-column elementor-col-100 elementor-top-column elementor-element elementor-element-59b24c1\" data-id=\"59b24c1\" data-element_type=\"column\" data-e-type=\"column\">\n\t\t\t<div class=\"elementor-widget-wrap elementor-element-populated\">\n\t\t\t\t\t\t<div class=\"elementor-element elementor-element-4f1f7c2 elementor-widget elementor-widget-ucaddon_hotspot\" data-id=\"4f1f7c2\" data-element_type=\"widget\" data-e-type=\"widget\" data-widget_type=\"ucaddon_hotspot.default\">\n\t\t\t\t<div class=\"elementor-widget-container\">\n\t\t\t\t\t\n<!-- start Hotspots -->\n\t\t<link id='font-awesome-css' href='https:\/\/imig.gmbh\/wp-content\/plugins\/unlimited-elements-for-elementor-premium\/assets_libraries\/font-awesome6\/fontawesome-all.min.css' type='text\/css' rel='stylesheet' >\n\t\t<link id='font-awesome-4-shim-css' href='https:\/\/imig.gmbh\/wp-content\/plugins\/unlimited-elements-for-elementor-premium\/assets_libraries\/font-awesome6\/fontawesome-v4-shims.min.css' type='text\/css' rel='stylesheet' >\n\t\t<link id='uc_ac_assets_file_tooltipster_bundle_min_css_6495-css' href='https:\/\/imig.gmbh\/wp-content\/uploads\/ac_assets\/Hotspot\/tooltipster.bundle.min.css' type='text\/css' rel='stylesheet' >\n\n<style>\/* widget: Hotspots *\/\n\n#uc_hotspot_elementor_4f1f7c2{\n  position:relative;\n  display: flex;\n}\n\n#uc_hotspot_elementor_4f1f7c2 img{\n  display:block;\n  transition: all .3s ease;\n}\n\n#uc_hotspot_elementor_4f1f7c2 .ue-hotspot-icon{\n  display:inline-block;\n  line-height:1em;\n}\n\n#uc_hotspot_elementor_4f1f7c2 .ue-hotspot-icon svg{\n  height:1em;\n  width:1em;\n}\n\n#uc_hotspot_elementor_4f1f7c2 .item-popup-text{\n  display: flex;\n  flex-direction: column;\n}\n\n#uc_hotspot_elementor_4f1f7c2 .spot{\n  display:flex;\n  align-items:center;\n  justify-content:center;\n  text-align:center;\n  cursor:pointer;\n  position:absolute;\n  transform:translate(-50%,-50%);\n  padding-right:10px;\n  padding-left:10px;\n  box-sizing:border-box;\n  transition:0.5s;\n  line-height:1em;\n  text-decoration:none;  \n  \t\n}\n\n#uc_hotspot_elementor_4f1f7c2 .spot:hover{\n  transform:translate(-50%,-50%) scale(0.9,0.9);\n}\n\n#uc_hotspot_elementor_4f1f7c2 .spot:before{\n    content: '';\n    display: inline-block;\n    position: absolute;\n    top: -2px;\n    left: -2px;\n    bottom: -2px;\n    right: -2px;\n    border-radius: inherit;\n    border-width:1px;\n    border-style:solid;\n    -webkit-animation: btnIconRipple 2s cubic-bezier(0.23, 1, 0.32, 1) both infinite;\n    animation: btnIconRipple 2s cubic-bezier(0.23, 1, 0.32, 1) both infinite;\n}\n\n@keyframes btnIconRipple {\n  0% {\n    border-width: 4px;\n            transform: scale(1);\n  }\n  80% {\n    border-width: 1px;\n            transform: scale(1.35);\n  }\n  100% {\n    opacity: 0;\n  }\n}\n\n#uc_hotspot_elementor_4f1f7c2 .tooltipster-base{\n  max-width:300px;\n}\n\n.tooltipster-sidetip .tooltipster-box {\n\tbackground: #000000 !important;\n\tborder: 3px solid #000000 !important;\n}\n\n.tooltipster-sidetip .tooltipster-content{\n  color: #ffffff !important;\n}\n\n.tooltipster-sidetip.tooltipster-bottom .tooltipster-arrow-background {\n\tborder-bottom-color: #000000 !important;\n}\n\n.tooltipster-sidetip.tooltipster-left .tooltipster-arrow-background {\n\tborder-left-color: #000000 !important;\n}\n\n.tooltipster-sidetip.tooltipster-right .tooltipster-arrow-background {\n\tborder-right-color: #000000 !important;\n}\n\n.tooltipster-sidetip.tooltipster-top .tooltipster-arrow-background {\n\tborder-top-color: #000000 !important;\n}\n\n.tooltipster-sidetip.tooltipster-bottom .tooltipster-arrow-border {\n\tborder-bottom-color: #000000 !important;\n}\n\n.tooltipster-sidetip.tooltipster-left .tooltipster-arrow-border {\n\tborder-left-color: #000000 !important;\n}\n\n.tooltipster-sidetip.tooltipster-right .tooltipster-arrow-border {\n\tborder-right-color: #000000 !important;\n}\n\n.tooltipster-sidetip.tooltipster-top .tooltipster-arrow-border {\n\tborder-top-color: #000000 !important;\n}\n\n.ue-popup-overlay{\n  position:fixed;\n  top:0;\n  bottom:0;\n  right:0;\n  left:0;\n  width:100%;\n  display:none;\n  z-index: 99999;\n}\n\n.item-popup{\n  display:none;\n  background-color:white;\n  position:absolute;\n  transform:translate(-50%,-50%);\n  z-index:100000000;\n}\n\n.item-popup-title{\n  justify-content:space-between;\n  align-items:center;\n  display:flex;\n}\n\n.item-popup-close{\n  cursor:pointer;\n}\n\n.item-popup-text{\n  padding:20px;\n}\n\n.ue-hotspot-popup-button{\n  display: inline-block;\n}\n\n<\/style>\n\n<div id=\"uc_hotspot_elementor_4f1f7c2\" class=\"ue_hotspot \"  data-close-on-body-click=\"true\">\n  <img decoding=\"async\" src=\"https:\/\/imig.gmbh\/wp-content\/uploads\/2025\/03\/AdobeStock_303950994.webp\">\n  <div class=\"uc-hotspots-items\">\n  <a class=\"ue_hotspot-item spot elementor-repeater-item-b04d064\" id=\"uc_hotspot_elementor_4f1f7c2_item1\" title=\"Europa\" >\n    <span class=\"ue-hotspot-icon\"><i class='fas fa-map-marker-alt'><\/i><\/span><\/a>\n<a class=\"ue_hotspot-item spot elementor-repeater-item-dc2ca8b\" id=\"uc_hotspot_elementor_4f1f7c2_item2\" title=\"NAFTA\" >\n    <span class=\"ue-hotspot-icon\"><i class='fas fa-map-marker-alt'><\/i><\/span><\/a>\n<a class=\"ue_hotspot-item spot elementor-repeater-item-02e0d2a\" id=\"uc_hotspot_elementor_4f1f7c2_item3\" title=\"Mercosur\" >\n    <span class=\"ue-hotspot-icon\"><i class='fas fa-map-marker-alt'><\/i><\/span><\/a>\n<a class=\"ue_hotspot-item spot elementor-repeater-item-c97d76c\" id=\"uc_hotspot_elementor_4f1f7c2_item4\" title=\"Asia\" >\n    <span class=\"ue-hotspot-icon\"><i class='fas fa-map-marker-alt'><\/i><\/span><\/a>\n\n  <\/div>\n  \n    <div class=\"ue-popup-overlay\">\n    <div class=\"item-popup\" id=\"popupuc_hotspot_elementor_4f1f7c2_item1\">\n  <div class=\"item-popup-title\">\n    <div>Europa<\/div>\n    <div class=\"item-popup-close\">X<\/div>\n  <\/div>\n  \n  <div class=\"item-popup-text\">\n    <img decoding=\"async\" src=\"https:\/\/imig.gmbh\/wp-content\/uploads\/2025\/03\/IMIG_Logo-1-e1743541430655.webp\" width=\"100%\">\t\n    Deutschland, Frankreich, Italien, \u00d6sterreich, \u200b\nSchweiz, Slowenien, Spanien, Tschechien, Ungarn\n      <\/div>\n  \n<\/div>\n<div class=\"item-popup\" id=\"popupuc_hotspot_elementor_4f1f7c2_item2\">\n  <div class=\"item-popup-title\">\n    <div>NAFTA<\/div>\n    <div class=\"item-popup-close\">X<\/div>\n  <\/div>\n  \n  <div class=\"item-popup-text\">\n    <img decoding=\"async\" src=\"https:\/\/imig.gmbh\/wp-content\/uploads\/2025\/03\/IMIG_Logo-1-e1743541430655.webp\" width=\"100%\">\t\n    Kanada, Mexiko, USA\n      <\/div>\n  \n<\/div>\n<div class=\"item-popup\" id=\"popupuc_hotspot_elementor_4f1f7c2_item3\">\n  <div class=\"item-popup-title\">\n    <div>Mercosur<\/div>\n    <div class=\"item-popup-close\">X<\/div>\n  <\/div>\n  \n  <div class=\"item-popup-text\">\n    <img decoding=\"async\" src=\"https:\/\/imig.gmbh\/wp-content\/uploads\/2025\/03\/IMIG_Logo-1-e1743541430655.webp\" width=\"100%\">\t\n    Brasilien\n      <\/div>\n  \n<\/div>\n<div class=\"item-popup\" id=\"popupuc_hotspot_elementor_4f1f7c2_item4\">\n  <div class=\"item-popup-title\">\n    <div>Asia<\/div>\n    <div class=\"item-popup-close\">X<\/div>\n  <\/div>\n  \n  <div class=\"item-popup-text\">\n    <img decoding=\"async\" src=\"https:\/\/imig.gmbh\/wp-content\/uploads\/2025\/03\/IMIG_Logo-1-e1743541430655.webp\" width=\"100%\">\t\n    Australien, China, Indien, S\u00fcd-Korea, Malaysia, Taiwan\u200b\n      <\/div>\n  \n<\/div>\n\n  <\/div> \n  <\/div>\n<!-- end Hotspots -->\t\t\t\t<\/div>\n\t\t\t\t<\/div>\n\t\t\t\t\t<\/div>\n\t\t<\/div>\n\t\t\t\t\t<\/div>\n\t\t<\/section>\n\t\t\t\t<section class=\"elementor-section elementor-top-section elementor-element elementor-element-e1fa6de elementor-section-full_width elementor-section-height-default elementor-section-height-default\" data-id=\"e1fa6de\" data-element_type=\"section\" data-e-type=\"section\">\n\t\t\t\t\t\t<div class=\"elementor-container elementor-column-gap-default\">\n\t\t\t\t\t<div class=\"elementor-column elementor-col-100 elementor-top-column elementor-element elementor-element-785726b\" data-id=\"785726b\" data-element_type=\"column\" data-e-type=\"column\">\n\t\t\t<div class=\"elementor-widget-wrap elementor-element-populated\">\n\t\t\t\t\t\t<section class=\"elementor-section elementor-inner-section elementor-element elementor-element-6c7321e elementor-section-content-middle elementor-reverse-tablet elementor-reverse-mobile_extra elementor-reverse-mobile elementor-section-boxed elementor-section-height-default elementor-section-height-default\" data-id=\"6c7321e\" data-element_type=\"section\" data-e-type=\"section\">\n\t\t\t\t\t\t<div class=\"elementor-container elementor-column-gap-default\">\n\t\t\t\t\t<div class=\"elementor-column elementor-col-50 elementor-inner-column elementor-element elementor-element-e5745de\" data-id=\"e5745de\" data-element_type=\"column\" data-e-type=\"column\">\n\t\t\t<div class=\"elementor-widget-wrap elementor-element-populated\">\n\t\t\t\t\t\t<div class=\"elementor-element elementor-element-ced163e elementor-widget elementor-widget-heading\" data-id=\"ced163e\" data-element_type=\"widget\" data-e-type=\"widget\" data-widget_type=\"heading.default\">\n\t\t\t\t<div class=\"elementor-widget-container\">\n\t\t\t\t\t<h1 class=\"elementor-heading-title elementor-size-default\">Nehmen Sie Kontakt mit uns auf.<\/h1>\t\t\t\t<\/div>\n\t\t\t\t<\/div>\n\t\t\t\t<div class=\"elementor-element elementor-element-f3e70c0 elementor-widget elementor-widget-text-editor\" data-id=\"f3e70c0\" data-element_type=\"widget\" data-e-type=\"widget\" data-widget_type=\"text-editor.default\">\n\t\t\t\t<div class=\"elementor-widget-container\">\n\t\t\t\t\t\t\t\t\t<p data-ccp-props=\"{&quot;335551550&quot;:1,&quot;335551620&quot;:1,&quot;335559683&quot;:0,&quot;335559685&quot;:0,&quot;335559731&quot;:0,&quot;335559737&quot;:0,&quot;335562764&quot;:2,&quot;335562765&quot;:1,&quot;335562766&quot;:4,&quot;335562767&quot;:0,&quot;335562768&quot;:4,&quot;335562769&quot;:0}\"><span class=\"TextRun SCXP167799130 BCX0\" lang=\"DE-DE\" xml:lang=\"DE-DE\" data-scheme-color=\"@002060,,\" data-usefontface=\"false\" data-contrast=\"none\"><span class=\"NormalTextRun SCXP167799130 BCX0\">Wir stehen mit unserem <\/span><\/span><span class=\"TextRun SCXP167799130 BCX0\" lang=\"DE-DE\" xml:lang=\"DE-DE\" data-scheme-color=\"@002060,,\" data-usefontface=\"false\" data-contrast=\"none\"><span class=\"NormalTextRun SCXP167799130 BCX0\">internationalen Netzwerk an Senior <\/span><\/span><span class=\"TextRun SCXP167799130 BCX0\" lang=\"DE-DE\" xml:lang=\"DE-DE\" data-scheme-color=\"@002060,,\" data-usefontface=\"false\" data-contrast=\"none\"><span class=\"NormalTextRun SCXP167799130 BCX0\">Experten \/ Partnern f\u00fcr Sie bereit:<\/span><\/span><\/p>\t\t\t\t\t\t\t\t<\/div>\n\t\t\t\t<\/div>\n\t\t\t\t<div class=\"elementor-element elementor-element-42b4f27 elementor-view-framed elementor-position-inline-start elementor-shape-circle elementor-mobile-position-block-start elementor-widget elementor-widget-icon-box\" data-id=\"42b4f27\" data-element_type=\"widget\" data-e-type=\"widget\" data-widget_type=\"icon-box.default\">\n\t\t\t\t<div class=\"elementor-widget-container\">\n\t\t\t\t\t\t\t<div class=\"elementor-icon-box-wrapper\">\n\n\t\t\t\t\t\t<div class=\"elementor-icon-box-icon\">\n\t\t\t\t<span  class=\"elementor-icon\">\n\t\t\t\t<svg aria-hidden=\"true\" class=\"e-font-icon-svg e-fas-map-marker-alt\" viewBox=\"0 0 384 512\" xmlns=\"http:\/\/www.w3.org\/2000\/svg\"><path d=\"M172.268 501.67C26.97 291.031 0 269.413 0 192 0 85.961 85.961 0 192 0s192 85.961 192 192c0 77.413-26.97 99.031-172.268 309.67-9.535 13.774-29.93 13.773-39.464 0zM192 272c44.183 0 80-35.817 80-80s-35.817-80-80-80-80 35.817-80 80 35.817 80 80 80z\"><\/path><\/svg>\t\t\t\t<\/span>\n\t\t\t<\/div>\n\t\t\t\n\t\t\t\t\t\t<div class=\"elementor-icon-box-content\">\n\n\t\t\t\t\t\t\t\t\t<h3 class=\"elementor-icon-box-title\">\n\t\t\t\t\t\t<span  >\n\t\t\t\t\t\t\tIMIG HQ\t\t\t\t\t\t<\/span>\n\t\t\t\t\t<\/h3>\n\t\t\t\t\n\t\t\t\t\t\t\t\t\t<p class=\"elementor-icon-box-description\">\n\t\t\t\t\t\tR\u00f6merstra\u00dfe 75, 71229 Leonberg\u200b\t\t\t\t\t<\/p>\n\t\t\t\t\n\t\t\t<\/div>\n\t\t\t\n\t\t<\/div>\n\t\t\t\t\t\t<\/div>\n\t\t\t\t<\/div>\n\t\t\t\t<div class=\"elementor-element elementor-element-9dddbeb elementor-view-framed elementor-position-inline-start elementor-shape-circle elementor-mobile-position-block-start elementor-widget elementor-widget-icon-box\" data-id=\"9dddbeb\" data-element_type=\"widget\" data-e-type=\"widget\" data-widget_type=\"icon-box.default\">\n\t\t\t\t<div class=\"elementor-widget-container\">\n\t\t\t\t\t\t\t<div class=\"elementor-icon-box-wrapper\">\n\n\t\t\t\t\t\t<div class=\"elementor-icon-box-icon\">\n\t\t\t\t<span  class=\"elementor-icon\">\n\t\t\t\t<svg aria-hidden=\"true\" class=\"e-font-icon-svg e-fas-map-marker-alt\" viewBox=\"0 0 384 512\" xmlns=\"http:\/\/www.w3.org\/2000\/svg\"><path d=\"M172.268 501.67C26.97 291.031 0 269.413 0 192 0 85.961 85.961 0 192 0s192 85.961 192 192c0 77.413-26.97 99.031-172.268 309.67-9.535 13.774-29.93 13.773-39.464 0zM192 272c44.183 0 80-35.817 80-80s-35.817-80-80-80-80 35.817-80 80 35.817 80 80 80z\"><\/path><\/svg>\t\t\t\t<\/span>\n\t\t\t<\/div>\n\t\t\t\n\t\t\t\t\t\t<div class=\"elementor-icon-box-content\">\n\n\t\t\t\t\t\t\t\t\t<h3 class=\"elementor-icon-box-title\">\n\t\t\t\t\t\t<span  >\n\t\t\t\t\t\t\tIMIG Branch\t\t\t\t\t\t\t<\/span>\n\t\t\t\t\t<\/h3>\n\t\t\t\t\n\t\t\t\t\t\t\t\t\t<p class=\"elementor-icon-box-description\">\n\t\t\t\t\t\tMarkdorfer Str. 12\/1, 88682 Salem\u200b\t\t\t\t\t<\/p>\n\t\t\t\t\n\t\t\t<\/div>\n\t\t\t\n\t\t<\/div>\n\t\t\t\t\t\t<\/div>\n\t\t\t\t<\/div>\n\t\t\t\t<div class=\"elementor-element elementor-element-54c9e74 elementor-view-framed elementor-position-inline-start elementor-shape-circle elementor-mobile-position-block-start elementor-widget elementor-widget-icon-box\" data-id=\"54c9e74\" data-element_type=\"widget\" data-e-type=\"widget\" data-widget_type=\"icon-box.default\">\n\t\t\t\t<div class=\"elementor-widget-container\">\n\t\t\t\t\t\t\t<div class=\"elementor-icon-box-wrapper\">\n\n\t\t\t\t\t\t<div class=\"elementor-icon-box-icon\">\n\t\t\t\t<a href=\"tel:+49%20(0)%207553%209180622\u200b\" class=\"elementor-icon\" tabindex=\"-1\" aria-label=\"Telefon\">\n\t\t\t\t<svg aria-hidden=\"true\" class=\"e-font-icon-svg e-fas-phone-alt\" viewBox=\"0 0 512 512\" xmlns=\"http:\/\/www.w3.org\/2000\/svg\"><path d=\"M497.39 361.8l-112-48a24 24 0 0 0-28 6.9l-49.6 60.6A370.66 370.66 0 0 1 130.6 204.11l60.6-49.6a23.94 23.94 0 0 0 6.9-28l-48-112A24.16 24.16 0 0 0 122.6.61l-104 24A24 24 0 0 0 0 48c0 256.5 207.9 464 464 464a24 24 0 0 0 23.4-18.6l24-104a24.29 24.29 0 0 0-14.01-27.6z\"><\/path><\/svg>\t\t\t\t<\/a>\n\t\t\t<\/div>\n\t\t\t\n\t\t\t\t\t\t<div class=\"elementor-icon-box-content\">\n\n\t\t\t\t\t\t\t\t\t<h3 class=\"elementor-icon-box-title\">\n\t\t\t\t\t\t<a href=\"tel:+49%20(0)%207553%209180622\u200b\" >\n\t\t\t\t\t\t\tTelefon\t\t\t\t\t\t<\/a>\n\t\t\t\t\t<\/h3>\n\t\t\t\t\n\t\t\t\t\t\t\t\t\t<p class=\"elementor-icon-box-description\">\n\t\t\t\t\t\t+49 (0) 7553 9180622\u200b\t\t\t\t\t<\/p>\n\t\t\t\t\n\t\t\t<\/div>\n\t\t\t\n\t\t<\/div>\n\t\t\t\t\t\t<\/div>\n\t\t\t\t<\/div>\n\t\t\t\t<div class=\"elementor-element elementor-element-3a0f6d0 elementor-view-framed elementor-position-inline-start elementor-shape-circle elementor-mobile-position-block-start elementor-widget elementor-widget-icon-box\" data-id=\"3a0f6d0\" data-element_type=\"widget\" data-e-type=\"widget\" data-widget_type=\"icon-box.default\">\n\t\t\t\t<div class=\"elementor-widget-container\">\n\t\t\t\t\t\t\t<div class=\"elementor-icon-box-wrapper\">\n\n\t\t\t\t\t\t<div class=\"elementor-icon-box-icon\">\n\t\t\t\t<a href=\"mailto:info@imig.gmbh\" class=\"elementor-icon\" tabindex=\"-1\" aria-label=\"E-Mail\">\n\t\t\t\t<svg aria-hidden=\"true\" class=\"e-font-icon-svg e-far-envelope\" viewBox=\"0 0 512 512\" xmlns=\"http:\/\/www.w3.org\/2000\/svg\"><path d=\"M464 64H48C21.49 64 0 85.49 0 112v288c0 26.51 21.49 48 48 48h416c26.51 0 48-21.49 48-48V112c0-26.51-21.49-48-48-48zm0 48v40.805c-22.422 18.259-58.168 46.651-134.587 106.49-16.841 13.247-50.201 45.072-73.413 44.701-23.208.375-56.579-31.459-73.413-44.701C106.18 199.465 70.425 171.067 48 152.805V112h416zM48 400V214.398c22.914 18.251 55.409 43.862 104.938 82.646 21.857 17.205 60.134 55.186 103.062 54.955 42.717.231 80.509-37.199 103.053-54.947 49.528-38.783 82.032-64.401 104.947-82.653V400H48z\"><\/path><\/svg>\t\t\t\t<\/a>\n\t\t\t<\/div>\n\t\t\t\n\t\t\t\t\t\t<div class=\"elementor-icon-box-content\">\n\n\t\t\t\t\t\t\t\t\t<h3 class=\"elementor-icon-box-title\">\n\t\t\t\t\t\t<a href=\"mailto:info@imig.gmbh\" >\n\t\t\t\t\t\t\tE-Mail\t\t\t\t\t\t<\/a>\n\t\t\t\t\t<\/h3>\n\t\t\t\t\n\t\t\t\t\t\t\t\t\t<p class=\"elementor-icon-box-description\">\n\t\t\t\t\t\tinfo@imig.gmbh\t\t\t\t\t<\/p>\n\t\t\t\t\n\t\t\t<\/div>\n\t\t\t\n\t\t<\/div>\n\t\t\t\t\t\t<\/div>\n\t\t\t\t<\/div>\n\t\t\t\t\t<\/div>\n\t\t<\/div>\n\t\t\t\t<div class=\"elementor-column elementor-col-50 elementor-inner-column elementor-element elementor-element-d30840d\" data-id=\"d30840d\" data-element_type=\"column\" data-e-type=\"column\">\n\t\t\t<div class=\"elementor-widget-wrap elementor-element-populated\">\n\t\t\t\t\t\t<div class=\"elementor-element elementor-element-9386ebe elementor-button-align-stretch elementor-widget elementor-widget-form\" data-id=\"9386ebe\" data-element_type=\"widget\" data-e-type=\"widget\" data-settings=\"{&quot;step_next_label&quot;:&quot;Next&quot;,&quot;step_previous_label&quot;:&quot;Previous&quot;,&quot;button_width&quot;:&quot;100&quot;,&quot;step_type&quot;:&quot;number_text&quot;,&quot;step_icon_shape&quot;:&quot;circle&quot;}\" data-widget_type=\"form.default\">\n\t\t\t\t<div class=\"elementor-widget-container\">\n\t\t\t\t\t\t\t<form class=\"elementor-form\" method=\"post\" name=\"New Form\" novalidate=\"\">\n\t\t\t<input type=\"hidden\" name=\"post_id\" value=\"135\"\/>\n\t\t\t<input type=\"hidden\" name=\"form_id\" value=\"9386ebe\"\/>\n\t\t\t<input type=\"hidden\" name=\"referer_title\" value=\"\" \/>\n\n\t\t\t\n\t\t\t<div class=\"elementor-form-fields-wrapper elementor-labels-\">\n\t\t\t\t\t\t\t\t<div class=\"elementor-field-type-text elementor-field-group elementor-column elementor-field-group-name elementor-col-50\">\n\t\t\t\t\t\t\t\t\t\t\t\t<label for=\"form-field-name\" class=\"elementor-field-label elementor-screen-only\">\n\t\t\t\t\t\t\t\tVorname\t\t\t\t\t\t\t<\/label>\n\t\t\t\t\t\t\t\t\t\t\t\t\t\t<input size=\"1\" type=\"text\" name=\"form_fields[name]\" id=\"form-field-name\" class=\"elementor-field elementor-size-sm  elementor-field-textual\" placeholder=\"Vorname\">\n\t\t\t\t\t\t\t\t\t\t\t<\/div>\n\t\t\t\t\t\t\t\t<div class=\"elementor-field-type-text elementor-field-group elementor-column elementor-field-group-field_4e1b9b3 elementor-col-50\">\n\t\t\t\t\t\t\t\t\t\t\t\t<label for=\"form-field-field_4e1b9b3\" class=\"elementor-field-label elementor-screen-only\">\n\t\t\t\t\t\t\t\tNachname\t\t\t\t\t\t\t<\/label>\n\t\t\t\t\t\t\t\t\t\t\t\t\t\t<input size=\"1\" type=\"text\" name=\"form_fields[field_4e1b9b3]\" id=\"form-field-field_4e1b9b3\" class=\"elementor-field elementor-size-sm  elementor-field-textual\" placeholder=\"Nachname\">\n\t\t\t\t\t\t\t\t\t\t\t<\/div>\n\t\t\t\t\t\t\t\t<div class=\"elementor-field-type-email elementor-field-group elementor-column elementor-field-group-email elementor-col-100 elementor-field-required\">\n\t\t\t\t\t\t\t\t\t\t\t\t<label for=\"form-field-email\" class=\"elementor-field-label elementor-screen-only\">\n\t\t\t\t\t\t\t\tE-Mail\t\t\t\t\t\t\t<\/label>\n\t\t\t\t\t\t\t\t\t\t\t\t\t\t<input size=\"1\" type=\"email\" name=\"form_fields[email]\" id=\"form-field-email\" class=\"elementor-field elementor-size-sm  elementor-field-textual\" placeholder=\"E-Mail\" required=\"required\">\n\t\t\t\t\t\t\t\t\t\t\t<\/div>\n\t\t\t\t\t\t\t\t<div class=\"elementor-field-type-tel elementor-field-group elementor-column elementor-field-group-field_cecce97 elementor-col-100\">\n\t\t\t\t\t\t\t\t\t\t\t\t<label for=\"form-field-field_cecce97\" class=\"elementor-field-label elementor-screen-only\">\n\t\t\t\t\t\t\t\tTelefon\t\t\t\t\t\t\t<\/label>\n\t\t\t\t\t\t\t\t<input size=\"1\" type=\"tel\" name=\"form_fields[field_cecce97]\" id=\"form-field-field_cecce97\" class=\"elementor-field elementor-size-sm  elementor-field-textual\" placeholder=\"Telefon\" pattern=\"[0-9()#&amp;+*-=.]+\" title=\"Only numbers and phone characters (#, -, *, etc) are accepted.\">\n\n\t\t\t\t\t\t<\/div>\n\t\t\t\t\t\t\t\t<div class=\"elementor-field-type-textarea elementor-field-group elementor-column elementor-field-group-message elementor-col-100\">\n\t\t\t\t\t\t\t\t\t\t\t\t<label for=\"form-field-message\" class=\"elementor-field-label elementor-screen-only\">\n\t\t\t\t\t\t\t\tNachricht\t\t\t\t\t\t\t<\/label>\n\t\t\t\t\t\t<textarea class=\"elementor-field-textual elementor-field  elementor-size-sm\" name=\"form_fields[message]\" id=\"form-field-message\" rows=\"4\" placeholder=\"Nachricht\"><\/textarea>\t\t\t\t<\/div>\n\t\t\t\t\t\t\t\t<div class=\"elementor-field-group elementor-column elementor-field-type-submit elementor-col-100 e-form__buttons\">\n\t\t\t\t\t<button class=\"elementor-button elementor-size-sm elementor-animation-float\" type=\"submit\">\n\t\t\t\t\t\t<span class=\"elementor-button-content-wrapper\">\n\t\t\t\t\t\t\t\t\t\t\t\t\t\t\t\t\t\t\t\t\t\t<span class=\"elementor-button-text\">Senden<\/span>\n\t\t\t\t\t\t\t\t\t\t\t\t\t<\/span>\n\t\t\t\t\t<\/button>\n\t\t\t\t<\/div>\n\t\t\t<\/div>\n\t\t<\/form>\n\t\t\t\t\t\t<\/div>\n\t\t\t\t<\/div>\n\t\t\t\t\t<\/div>\n\t\t<\/div>\n\t\t\t\t\t<\/div>\n\t\t<\/section>\n\t\t\t\t\t<\/div>\n\t\t<\/div>\n\t\t\t\t\t<\/div>\n\t\t<\/section>\n\t\t\t\t<\/div>\n\t\t","protected":false},"excerpt":{"rendered":"<p>Europa X Deutschland, Frankreich, Italien, \u00d6sterreich, \u200b Schweiz, Slowenien, Spanien, Tschechien, Ungarn NAFTA X Kanada, Mexiko, USA Mercosur X Brasilien Asia X Australien, China, Indien, S\u00fcd-Korea, Malaysia, Taiwan\u200b Nehmen Sie Kontakt mit uns auf. Wir stehen mit unserem internationalen Netzwerk an Senior Experten \/ Partnern f\u00fcr Sie bereit: IMIG HQ R\u00f6merstra\u00dfe 75, 71229 Leonberg\u200b IMIG [&hellip;]<\/p>\n","protected":false},"author":1,"featured_media":736,"parent":0,"menu_order":0,"comment_status":"closed","ping_status":"closed","template":"elementor_header_footer","meta":{"footnotes":""},"class_list":["post-135","page","type-page","status-publish","has-post-thumbnail","hentry"],"_links":{"self":[{"href":"https:\/\/imig.gmbh\/en\/wp-json\/wp\/v2\/pages\/135","targetHints":{"allow":["GET"]}}],"collection":[{"href":"https:\/\/imig.gmbh\/en\/wp-json\/wp\/v2\/pages"}],"about":[{"href":"https:\/\/imig.gmbh\/en\/wp-json\/wp\/v2\/types\/page"}],"author":[{"embeddable":true,"href":"https:\/\/imig.gmbh\/en\/wp-json\/wp\/v2\/users\/1"}],"replies":[{"embeddable":true,"href":"https:\/\/imig.gmbh\/en\/wp-json\/wp\/v2\/comments?post=135"}],"version-history":[{"count":0,"href":"https:\/\/imig.gmbh\/en\/wp-json\/wp\/v2\/pages\/135\/revisions"}],"wp:featuredmedia":[{"embeddable":true,"href":"https:\/\/imig.gmbh\/en\/wp-json\/wp\/v2\/media\/736"}],"wp:attachment":[{"href":"https:\/\/imig.gmbh\/en\/wp-json\/wp\/v2\/media?parent=135"}],"curies":[{"name":"wp","href":"https:\/\/api.w.org\/{rel}","templated":true}]}}